{"id":4316,"date":"2016-09-13T08:24:25","date_gmt":"2016-09-13T07:24:25","guid":{"rendered":"http:\/\/senderos.cz\/product\/reencuentros-cd-2\/"},"modified":"2016-10-17T17:38:11","modified_gmt":"2016-10-17T16:38:11","slug":"reencuentros-cd-cs","status":"publish","type":"product","link":"https:\/\/senderos.cz\/cs\/produkt\/reencuentros-cd-cs\/","title":{"rendered":"Reencuentros CD"},"content":{"rendered":"<p class=\"p1\"><span class=\"s1\">Duo zp\u011bva\u010dky Marty T\u00f6pferov\u00e9 a kytaristy Ernesta Chuecos se v\u011bnuje bohat\u00e9 tradici venezuelsk\u00fdch p\u00edsn\u00ed. Jejich reperto\u00e1r se skl\u00e1d\u00e1 z rytm\u016f a styl\u016f jako venezuelsk\u00e9 merengue, joropo, vals, danza nebo tonada. Ojedin\u011bl\u00fd sametov\u00fd hlas Marty T\u00f6pferov\u00e9 s vlastn\u00edm doprovodem na venezuelsk\u00e9 cuatro, ru\u010dn\u00ed perkusi spolu s propracovan\u00fdmi kytarov\u00fdmi aran\u017eemi Ernesta Chuecos je vskutku kombinace, kter\u00e1 p\u0159enese poslucha\u010de do nev\u0161edn\u00ed hudebn\u00ed krajiny. Od radostn\u00e9ho \u010di humorn\u00e9ho\u00a0<i>merengue\u00a0<\/i>z Caracasu, svi\u017en\u00e9ho\u00a0<i>joropa\u00a0<\/i>z rozs\u00e1hl\u00fdch planin, po meditativn\u00ed\u00a0<i>tonadu,<\/i>\u00a0tradi\u010dn\u011b zp\u00edvanou p\u0159i dojen\u00ed dobytku, venezuelsk\u00e9 melodie a rytmy jsou tak pestr\u00e9 jako zem\u011b, z kter\u00e9 poch\u00e1zej\u00ed.<\/span><\/p>\n<p class=\"p1\"><strong>N\u00e1zvy p\u00edsn\u00ed:<\/strong><\/p>\n<p>&nbsp;<\/p>\n<p class=\"p1\"><span class=\"s1\">1) FLOR DE MAYO<br \/>\n2) LA NEGRITA MARISOL<br \/>\n3) ACIDITO<br \/>\n4) LUCERITO<br \/>\n5) EL NORTE ES UNA QUIMERA<br \/>\n6) LUNA DE MARGARITA<br \/>\n7) EL PREG\u00d3N DE LAS FLORES<br \/>\n8) POLO MARGARITE\u00d1O<br \/>\n9) A V\u00cdCTOR<\/span><\/p>\n<p class=\"p1\">\n","protected":false},"excerpt":{"rendered":"<p class=\"p1\"><span class=\"s1\">Duo zp\u011bva\u010dky Marty T\u00f6pferov\u00e9 a kytaristy Ernesta Chuecos se v\u011bnuje bohat\u00e9 tradici venezuelsk\u00fdch p\u00edsn\u00ed. Jejich reperto\u00e1r se skl\u00e1d\u00e1 z rytm\u016f a styl\u016f jako venezuelsk\u00e9 merengue, joropo, vals, danza nebo tonada.<\/span><\/p>\n","protected":false},"featured_media":4288,"comment_status":"closed","ping_status":"closed","template":"","meta":[],"_links":{"self":[{"href":"https:\/\/senderos.cz\/cs\/wp-json\/wp\/v2\/product\/4316"}],"collection":[{"href":"https:\/\/senderos.cz\/cs\/wp-json\/wp\/v2\/product"}],"about":[{"href":"https:\/\/senderos.cz\/cs\/wp-json\/wp\/v2\/types\/product"}],"replies":[{"embeddable":true,"href":"https:\/\/senderos.cz\/cs\/wp-json\/wp\/v2\/comments?post=4316"}],"wp:featuredmedia":[{"embeddable":true,"href":"https:\/\/senderos.cz\/cs\/wp-json\/wp\/v2\/media\/4288"}],"wp:attachment":[{"href":"https:\/\/senderos.cz\/cs\/wp-json\/wp\/v2\/media?parent=4316"}],"curies":[{"name":"wp","href":"https:\/\/api.w.org\/{rel}","templated":true}]}}