{"id":4297,"date":"2016-09-08T12:28:07","date_gmt":"2016-09-08T11:28:07","guid":{"rendered":"http:\/\/senderos.cz\/es\/?page_id=4297"},"modified":"2016-10-17T16:46:20","modified_gmt":"2016-10-17T15:46:20","slug":"cd","status":"publish","type":"page","link":"https:\/\/senderos.cz\/es\/","title":{"rendered":"CD"},"content":{"rendered":"<p>[vc_row][vc_column][rev_slider_vc alias=&#8221;cdlanding&#8221;][\/vc_column][\/vc_row][vc_row][vc_column][vc_empty_space height=&#8221;40px&#8221;][lab_heading title=&#8221;Marta Topferova &amp; Ernesto Chuecos&#8221;]Canciones venezolanas[\/lab_heading][\/vc_column][\/vc_row][vc_row][vc_column width=&#8221;1\/2&#8243;][vc_column_text]<\/p>\n<p class=\"p1\"><span class=\"s1\">El d\u00fao conformado por la cantante Marta Topferova y el guitarrista Ernesto Chuecos se dedica a la rica tradici\u00f3n de la canci\u00f3n venezolana. Su repertorio est\u00e1 integrado por ritmos y estilos como el merengue venezolano, el joropo, el vals, la danza y la tonada. La singular voz aterciopelada de Marta Topferova, que se acompa\u00f1a con el cuatro venezolano y percusi\u00f3n de mano, junto con los arreglos sofisticados para guitarra de Ernesto Chuecos, es una combinaci\u00f3n que transporta al oyente a un mundo musical verdaderamente fuera de lo com\u00fan. Desde el alegre y divertido merengue caraque\u00f1o, pasando por el vivaz joropo de los extensos llanos, hasta la tonada meditativa cantada tradicionalmente durante el orde\u00f1o del ganado, las melod\u00edas y los ritmos de Venezuela son tan variados como la tierra donde nacen.<\/span><\/p>\n<p>[\/vc_column_text][\/vc_column][vc_column width=&#8221;1\/2&#8243;][vc_column_text]<\/p>\n<p class=\"p1\"><span class=\"s1\">\u201cReencuentros\u201d es el primer \u00e1lbum de este d\u00fao unido por una larga amistad y un entusiasmo cada vez mayor por la m\u00fasica venezolana. Marta y Ernesto se conocieron en 1994 en Praga, donde compartieron ideas e impulsos musicales gracias a sus intereses musicales afines y sus amigos en com\u00fan. Pero en esa \u00e9poca Marta volvi\u00f3 a los EEUU y Ernesto se qued\u00f3 en Praga, por lo tanto pas\u00f3 mucho tiempo sin que se vieran. Cuando Marta regres\u00f3 a la Rep\u00fablica Checa en 2012, se reencontr\u00f3 con Ernesto y al a\u00f1o empezaron una colaboraci\u00f3n basada en un repertorio de canciones venezolanas. De ah\u00ed surgi\u00f3 la idea de bautizar este proyecto con el nombre de \u201cReencuentros\u201d.<\/span><\/p>\n<p>[\/vc_column_text][\/vc_column][\/vc_row][vc_row][vc_column][vc_empty_space height=&#8221;40px&#8221;][\/vc_column][\/vc_row][vc_row equal_height=&#8221;yes&#8221; content_placement=&#8221;middle&#8221; css=&#8221;.vc_custom_1473791079981{background-color: #ededed !important;}&#8221;][vc_column reveal_effect=&#8221;&#8221; width=&#8221;1\/2&#8243; css=&#8221;.vc_custom_1476715934174{background-image: url(http:\/\/senderos.cz\/wp-content\/uploads\/2016\/09\/Digipack4.jpg?id=4180) !important;background-position: center !important;background-repeat: no-repeat !important;background-size: cover !important;}&#8221;][\/vc_column][vc_column width=&#8221;1\/2&#8243;][lab_heading title=&#8221;Escuchar los clips&#8221;]Fecha de lanzamiento 21. 9. 2016[\/lab_heading][vc_column_text]<\/p>\n<!--[if lt IE 9]><script>document.createElement('audio');<\/script><![endif]-->\n\t<div class=\"wp-playlist wp-audio-playlist wp-playlist-light\">\n\t\t\t<div class=\"wp-playlist-current-item\"><\/div>\n\t\t<audio controls=\"controls\" preload=\"none\" width=\"923\"\n\t\t\t><\/audio>\n\t<div class=\"wp-playlist-next\"><\/div>\n\t<div class=\"wp-playlist-prev\"><\/div>\n\t<noscript>\n\t<ol>\n\t\t<li><a href='https:\/\/senderos.cz\/wp-content\/uploads\/2016\/09\/Acidito-clip.mp3'>Acidito<\/a><\/li><li><a href='https:\/\/senderos.cz\/wp-content\/uploads\/2016\/09\/El-norte-es-una-quimera-clip.mp3'>El norte es una quimera<\/a><\/li><li><a href='https:\/\/senderos.cz\/wp-content\/uploads\/2016\/09\/Flor-de-Mayo-clip.mp3'>Flor de Mayo<\/a><\/li><li><a href='https:\/\/senderos.cz\/wp-content\/uploads\/2016\/09\/La-negrita-Marisol-clip.mp3'>La negrita Marisol<\/a><\/li><li><a href='https:\/\/senderos.cz\/wp-content\/uploads\/2016\/09\/Luna-de-Margarita-clip.mp3'>Luna de Margarita<\/a><\/li><li><a href='https:\/\/senderos.cz\/wp-content\/uploads\/2016\/09\/Lucerito-clip.mp3'>Lucerito<\/a><\/li>\t<\/ol>\n\t<\/noscript>\n\t<script type=\"application\/json\" class=\"wp-playlist-script\">{\"type\":\"audio\",\"tracklist\":true,\"tracknumbers\":true,\"images\":true,\"artists\":true,\"tracks\":[{\"src\":\"https:\\\/\\\/senderos.cz\\\/wp-content\\\/uploads\\\/2016\\\/09\\\/Acidito-clip.mp3\",\"type\":\"audio\\\/mpeg\",\"title\":\"Acidito\",\"caption\":\"\",\"description\":\"\\\"Acidito (clip)\\\".\",\"meta\":{\"artist\":\"Marta Topferova & Ernesto Chuecos\",\"album\":\"Reencuentros\",\"length_formatted\":\"0:58\"},\"image\":{\"src\":\"https:\\\/\\\/senderos.cz\\\/wp-content\\\/uploads\\\/2016\\\/09\\\/CD_Cover.jpg\",\"width\":800,\"height\":800},\"thumb\":{\"src\":\"https:\\\/\\\/senderos.cz\\\/wp-content\\\/uploads\\\/2016\\\/09\\\/CD_Cover-150x150.jpg\",\"width\":150,\"height\":150}},{\"src\":\"https:\\\/\\\/senderos.cz\\\/wp-content\\\/uploads\\\/2016\\\/09\\\/El-norte-es-una-quimera-clip.mp3\",\"type\":\"audio\\\/mpeg\",\"title\":\"El norte es una quimera\",\"caption\":\"\",\"description\":\"\\\"El norte es una quimera (clip)\\\".\",\"meta\":{\"artist\":\"Marta Topferova & Ernesto Chuecos\",\"album\":\"Reencuentros\",\"length_formatted\":\"1:09\"},\"image\":{\"src\":\"https:\\\/\\\/senderos.cz\\\/wp-content\\\/uploads\\\/2016\\\/09\\\/CD_Cover.jpg\",\"width\":800,\"height\":800},\"thumb\":{\"src\":\"https:\\\/\\\/senderos.cz\\\/wp-content\\\/uploads\\\/2016\\\/09\\\/CD_Cover-150x150.jpg\",\"width\":150,\"height\":150}},{\"src\":\"https:\\\/\\\/senderos.cz\\\/wp-content\\\/uploads\\\/2016\\\/09\\\/Flor-de-Mayo-clip.mp3\",\"type\":\"audio\\\/mpeg\",\"title\":\"Flor de Mayo\",\"caption\":\"\",\"description\":\"\\\"Flor de Mayo (clip)\\\".\",\"meta\":{\"artist\":\"Marta Topferova & Ernesto Chuecos\",\"album\":\"Reencuentros\",\"length_formatted\":\"1:07\"},\"image\":{\"src\":\"https:\\\/\\\/senderos.cz\\\/wp-content\\\/uploads\\\/2016\\\/09\\\/CD_Cover.jpg\",\"width\":800,\"height\":800},\"thumb\":{\"src\":\"https:\\\/\\\/senderos.cz\\\/wp-content\\\/uploads\\\/2016\\\/09\\\/CD_Cover-150x150.jpg\",\"width\":150,\"height\":150}},{\"src\":\"https:\\\/\\\/senderos.cz\\\/wp-content\\\/uploads\\\/2016\\\/09\\\/La-negrita-Marisol-clip.mp3\",\"type\":\"audio\\\/mpeg\",\"title\":\"La negrita Marisol\",\"caption\":\"\",\"description\":\"\\\"La negrita Marisol (clip)\\\".\",\"meta\":{\"artist\":\"Marta Topferova & Ernesto Chuecos\",\"album\":\"Reencuentros\",\"length_formatted\":\"0:57\"},\"image\":{\"src\":\"https:\\\/\\\/senderos.cz\\\/wp-content\\\/uploads\\\/2016\\\/09\\\/CD_Cover.jpg\",\"width\":800,\"height\":800},\"thumb\":{\"src\":\"https:\\\/\\\/senderos.cz\\\/wp-content\\\/uploads\\\/2016\\\/09\\\/CD_Cover-150x150.jpg\",\"width\":150,\"height\":150}},{\"src\":\"https:\\\/\\\/senderos.cz\\\/wp-content\\\/uploads\\\/2016\\\/09\\\/Luna-de-Margarita-clip.mp3\",\"type\":\"audio\\\/mpeg\",\"title\":\"Luna de Margarita\",\"caption\":\"\",\"description\":\"\\\"Luna de Margarita (clip)\\\".\",\"meta\":{\"artist\":\"Marta Topferova & Ernesto Chuecos\",\"album\":\"Reencuentros\",\"length_formatted\":\"1:01\"},\"image\":{\"src\":\"https:\\\/\\\/senderos.cz\\\/wp-content\\\/uploads\\\/2016\\\/09\\\/CD_Cover.jpg\",\"width\":800,\"height\":800},\"thumb\":{\"src\":\"https:\\\/\\\/senderos.cz\\\/wp-content\\\/uploads\\\/2016\\\/09\\\/CD_Cover-150x150.jpg\",\"width\":150,\"height\":150}},{\"src\":\"https:\\\/\\\/senderos.cz\\\/wp-content\\\/uploads\\\/2016\\\/09\\\/Lucerito-clip.mp3\",\"type\":\"audio\\\/mpeg\",\"title\":\"Lucerito\",\"caption\":\"\",\"description\":\"\\\"Lucerito (clip)\\\".\",\"meta\":{\"artist\":\"Marta Topferova & Ernesto Chuecos\",\"album\":\"Reencuentros\",\"length_formatted\":\"1:04\"},\"image\":{\"src\":\"https:\\\/\\\/senderos.cz\\\/wp-content\\\/uploads\\\/2016\\\/09\\\/CD_Cover.jpg\",\"width\":800,\"height\":800},\"thumb\":{\"src\":\"https:\\\/\\\/senderos.cz\\\/wp-content\\\/uploads\\\/2016\\\/09\\\/CD_Cover-150x150.jpg\",\"width\":150,\"height\":150}}]}<\/script>\n<\/div>\n\t\n<p>[\/vc_column_text][vc_row_inner][vc_column_inner width=&#8221;1\/2&#8243;][lab_heading title=&#8221;Compre el CD f\u00edsico&#8221;]Digipak[\/lab_heading][\/vc_column_inner][vc_column_inner width=&#8221;1\/2&#8243;][vc_empty_space height=&#8221;20px&#8221;][lab_button title=&#8221;COMPRAR&#8221; type=&#8221;outlined-bg&#8221; size=&#8221;btn-large&#8221; button_bg=&#8221;custom&#8221; link=&#8221;url:%2F%3Fadd-to-cart%3D4008|||&#8221; button_bg_custom=&#8221;#732282&#8243; button_txt_custom=&#8221;#732282&#8243; button_txt_hover_custom=&#8221;#ffffff&#8221;][\/vc_column_inner][\/vc_row_inner][\/vc_column][\/vc_row][vc_row][vc_column][vc_empty_space height=&#8221;40px&#8221;][\/vc_column][\/vc_row][vc_row][vc_column][lab_heading title=&#8221;Comprar y escuchar \u00e1lbum digital&#8221;][\/lab_heading][\/vc_column][\/vc_row][vc_row][vc_column reveal_effect=&#8221;&#8221; width=&#8221;1\/3&#8243; css=&#8221;.vc_custom_1473846659987{padding: 20px !important;background-color: #fafafa !important;}&#8221;][lab_heading title=&#8221;CD Baby&#8221;]Digital y CD f\u00edsico[\/lab_heading][vc_single_image image=&#8221;4103&#8243; img_size=&#8221;150&#215;150&#8243; alignment=&#8221;center&#8221; onclick=&#8221;custom_link&#8221; img_link_target=&#8221;_blank&#8221; link=&#8221;http:\/\/www.cdbaby.com\/cd\/reencuentros&#8221;][\/vc_column][vc_column reveal_effect=&#8221;&#8221; width=&#8221;1\/3&#8243; css=&#8221;.vc_custom_1473846667963{padding: 20px !important;background-color: #fafafa !important;}&#8221;][lab_heading title=&#8221;iTunes&#8221;]Comprar el \u00e1lbum digital[\/lab_heading][vc_single_image image=&#8221;4104&#8243; img_size=&#8221;150&#215;150&#8243; alignment=&#8221;center&#8221; onclick=&#8221;custom_link&#8221; img_link_target=&#8221;_blank&#8221; link=&#8221;https:\/\/itunes.apple.com\/us\/album\/reencuentros\/id1155684015?ign-mpt=uo%3D4&#8243;][\/vc_column][vc_column reveal_effect=&#8221;&#8221; width=&#8221;1\/3&#8243; css=&#8221;.vc_custom_1473846676568{padding: 20px !important;background-color: #fafafa !important;}&#8221;][lab_heading title=&#8221;Spotify&#8221;]Escucha el \u00e1lbum digital[\/lab_heading][vc_single_image image=&#8221;4105&#8243; img_size=&#8221;150&#215;150&#8243; alignment=&#8221;center&#8221; onclick=&#8221;custom_link&#8221; img_link_target=&#8221;_blank&#8221; link=&#8221;https:\/\/open.spotify.com\/album\/2PZVIUfVod5nDcp7mdouDK&#8221;][\/vc_column][\/vc_row][vc_row][vc_column][vc_empty_space height=&#8221;40px&#8221;][\/vc_column][\/vc_row][vc_row][vc_column width=&#8221;1\/2&#8243;][lab_heading title=&#8221;Marta Topferova&#8221;][\/lab_heading][vc_column_text]<\/p>\n<p class=\"p1\"><span class=\"s1\">Marta Topferova naci\u00f3 en Ostrava, pero gracias a su emigraci\u00f3n a los EEUU en 1987, su destino se vio marcado para siempre por la b\u00fasqueda de una nueva identidad en un pa\u00eds lleno de inmigrantes y m\u00fasicas de todo el mundo. Fue en los EEUU que Marta tuvo la oportunidad de estudiar y colaborar con int\u00e9rpretes destacados de la m\u00fasica latinoamericana. Se estableci\u00f3 en el panorama musical de Nueva York y es considerada hoy como una de las mayores representantes a nivel internacional de la world music. Hasta ahora ha editado siete discos con m\u00fasica que, en su mayor\u00eda, es de su propia autor\u00eda: Milokraj (2013 Animal Music), The Other Shore (2011 World Village), Trova (2009 World Village), Flor Nocturna (2006 World Village), La Marea (2005 World Village), Sue\u00f1o Verde (2003 Circular Moves) y Homage to Homeland (2002 autoeditado). Ha viajado por Europa, los EEUU, Canad\u00e1, Argentina y Tailandia y ha actuado en importantes escenarios como el Queen Elizabeth Hall en Londres, el Blue Note en Nueva York y el Bardentreffen (Festival de los bardos) en N\u00faremberg.<\/span><\/p>\n<p>[\/vc_column_text][\/vc_column][vc_column width=&#8221;1\/2&#8243;][lab_heading title=&#8221;Ernesto Chuecos&#8221;][\/lab_heading][vc_column_text]<\/p>\n<p class=\"p1\"><span class=\"s1\">El venezolano Ernesto Chuecos naci\u00f3 en Caracas, donde empez\u00f3 a los siete a\u00f1os a tocar el instrumento tradicional conocido como el \u201ccuatro\u201d venezolano y a los diez a\u00f1os la guitarra cl\u00e1sica. Estudi\u00f3 bajo la tutela de distinguidos profesores como Fredy Reyna, Aldo Lagrutta, R\u00f3mulo Lazarde y Luis Zea. Ha vivido desde 1994 en Praga, donde estudi\u00f3 guitarra con \u0160t\u011bp\u00e1n R\u00e1k y Milan Zelenka en la Facultad de M\u00fasica de la Academia de Artes Esc\u00e9nicas en Praga (HAMU). Tambi\u00e9n ha tocado bossanova con Yvonne S\u00e1nchez y se ha dedicado \u00faltimamente al arreglo de canciones venezolanas. A pesar de que no se dedica exclusivamente a la m\u00fasica, la guitarra es para \u00e9l un destino ineludible. <\/span><\/p>\n<p>[\/vc_column_text][\/vc_column][\/vc_row][vc_row][vc_column][vc_empty_space height=&#8221;40px&#8221;][\/vc_column][\/vc_row][vc_row full_width=&#8221;stretch_row&#8221; content_placement=&#8221;top&#8221; css=&#8221;.vc_custom_1473847348285{background-color: #fafafa !important;}&#8221; el_id=&#8221;contact&#8221;][vc_column reveal_effect=&#8221;&#8221; width=&#8221;1\/3&#8243; css=&#8221;.vc_custom_1473836000106{background-position: center !important;background-repeat: no-repeat !important;background-size: cover !important;}&#8221;][vc_empty_space height=&#8221;40px&#8221;][vc_column_text]<\/p>\n<h3>Cont\u00e1ctenos<\/h3>\n<p><a href=\"mailto:senderos@senderos.cz\">senderos@senderos.cz<\/a><\/p>\n<p>Tel.: +420\u00a0739 076 474[\/vc_column_text][vc_column_text]<\/p>\n<h3>Nuestra direcci\u00f3n<\/h3>\n<p>Ostrovsk\u00e9ho 1213\/23<br \/>\nPraha 5 &#8211; Sm\u00edchov<br \/>\n150 00 &#8211; CZ[\/vc_column_text][\/vc_column][vc_column width=&#8221;2\/3&#8243;][vc_empty_space height=&#8221;40px&#8221;][lab_contact_form name_title=&#8221;Nombre:&#8221; message_title=&#8221;Mensaje:&#8221; show_subject_field=&#8221;&#8221; submit_title=&#8221;Enviar mensaje&#8221; submit_success=&#8221;Gracias #, mensaje enviado!&#8221; alert_errors=&#8221;yes&#8221; email_receiver=&#8221;senderos@senderos.cz&#8221;][\/vc_column][\/vc_row]<\/p>\n","protected":false},"excerpt":{"rendered":"<p>[vc_row][vc_column][rev_slider_vc alias=&#8221;cdlanding&#8221;][\/vc_column][\/vc_row][vc_row][vc_column][vc_empty_space height=&#8221;40px&#8221;][lab_heading title=&#8221;Marta Topferova &amp; Ernesto Chuecos&#8221;]Canciones venezolanas[\/lab_heading][\/vc_column][\/vc_row][vc_row][vc_column width=&#8221;1\/2&#8243;][vc_column_text] El d\u00fao conformado por la cantante Marta Topferova y el guitarrista Ernesto Chuecos se dedica a la rica tradici\u00f3n de la canci\u00f3n venezolana. Su repertorio est\u00e1 integrado por ritmos y estilos como el merengue venezolano, el joropo, el vals, la danza y la tonada. La&hellip;<\/p>\n","protected":false},"author":1,"featured_media":0,"parent":0,"menu_order":0,"comment_status":"closed","ping_status":"closed","template":"","meta":[],"_links":{"self":[{"href":"https:\/\/senderos.cz\/es\/wp-json\/wp\/v2\/pages\/4297"}],"collection":[{"href":"https:\/\/senderos.cz\/es\/wp-json\/wp\/v2\/pages"}],"about":[{"href":"https:\/\/senderos.cz\/es\/wp-json\/wp\/v2\/types\/page"}],"author":[{"embeddable":true,"href":"https:\/\/senderos.cz\/es\/wp-json\/wp\/v2\/users\/1"}],"replies":[{"embeddable":true,"href":"https:\/\/senderos.cz\/es\/wp-json\/wp\/v2\/comments?post=4297"}],"version-history":[{"count":4,"href":"https:\/\/senderos.cz\/es\/wp-json\/wp\/v2\/pages\/4297\/revisions"}],"predecessor-version":[{"id":4301,"href":"https:\/\/senderos.cz\/es\/wp-json\/wp\/v2\/pages\/4297\/revisions\/4301"}],"wp:attachment":[{"href":"https:\/\/senderos.cz\/es\/wp-json\/wp\/v2\/media?parent=4297"}],"curies":[{"name":"wp","href":"https:\/\/api.w.org\/{rel}","templated":true}]}}