{"id":4315,"date":"2016-09-13T08:24:25","date_gmt":"2016-09-13T07:24:25","guid":{"rendered":"http:\/\/senderos.cz\/product\/reencuentros-cd-2\/"},"modified":"2016-10-17T17:38:01","modified_gmt":"2016-10-17T16:38:01","slug":"reencuentros-cd-es","status":"publish","type":"product","link":"https:\/\/senderos.cz\/es\/producto\/reencuentros-cd-es\/","title":{"rendered":"Reencuentros CD"},"content":{"rendered":"<p class=\"p1\"><span class=\"s1\">El d\u00fao conformado por la cantante Marta Topferova y el guitarrista Ernesto Chuecos se dedica a la rica tradici\u00f3n de la canci\u00f3n venezolana. Su repertorio est\u00e1 integrado por ritmos y estilos como el merengue venezolano, el joropo, el vals, la danza y la tonada. La singular voz aterciopelada de Marta Topferova, que se acompa\u00f1a con el cuatro venezolano y percusi\u00f3n de mano, junto con los arreglos sofisticados para guitarra de Ernesto Chuecos, es una combinaci\u00f3n que transporta al oyente a un mundo musical verdaderamente fuera de lo com\u00fan. Desde el alegre y divertido merengue caraque\u00f1o, pasando por el vivaz joropo de los extensos llanos, hasta la tonada meditativa cantada tradicionalmente durante el orde\u00f1o del ganado, las melod\u00edas y los ritmos de Venezuela son tan variados como la tierra donde nacen. <\/span><\/p>\n<p class=\"p1\"><strong>Pistas del anuncio:<\/strong><\/p>\n<p>&nbsp;<\/p>\n<p class=\"p1\"><span class=\"s1\">1) FLOR DE MAYO<br \/>\n2) LA NEGRITA MARISOL<br \/>\n3) ACIDITO<br \/>\n4) LUCERITO<br \/>\n5) EL NORTE ES UNA QUIMERA<br \/>\n6) LUNA DE MARGARITA<br \/>\n7) EL PREG\u00d3N DE LAS FLORES<br \/>\n8) POLO MARGARITE\u00d1O<br \/>\n9) A V\u00cdCTOR<\/span><\/p>\n<p class=\"p1\">\n","protected":false},"excerpt":{"rendered":"<p class=\"p1\"><span class=\"s1\">El d\u00fao conformado por la cantante Marta Topferova y el guitarrista Ernesto Chuecos se dedica a la rica tradici\u00f3n de la canci\u00f3n venezolana. Su repertorio est\u00e1 integrado por ritmos y estilos como el merengue venezolano, el joropo, el vals, la danza y la tonada. <\/span><\/p>\n","protected":false},"featured_media":4287,"comment_status":"closed","ping_status":"closed","template":"","meta":[],"_links":{"self":[{"href":"https:\/\/senderos.cz\/es\/wp-json\/wp\/v2\/product\/4315"}],"collection":[{"href":"https:\/\/senderos.cz\/es\/wp-json\/wp\/v2\/product"}],"about":[{"href":"https:\/\/senderos.cz\/es\/wp-json\/wp\/v2\/types\/product"}],"replies":[{"embeddable":true,"href":"https:\/\/senderos.cz\/es\/wp-json\/wp\/v2\/comments?post=4315"}],"wp:featuredmedia":[{"embeddable":true,"href":"https:\/\/senderos.cz\/es\/wp-json\/wp\/v2\/media\/4287"}],"wp:attachment":[{"href":"https:\/\/senderos.cz\/es\/wp-json\/wp\/v2\/media?parent=4315"}],"curies":[{"name":"wp","href":"https:\/\/api.w.org\/{rel}","templated":true}]}}